{"id":4682,"date":"2023-04-14T09:26:30","date_gmt":"2023-04-14T12:26:30","guid":{"rendered":"https:\/\/veezit.com.br\/?page_id=4682"},"modified":"2023-04-14T09:27:11","modified_gmt":"2023-04-14T12:27:11","slug":"janela-maximar","status":"publish","type":"page","link":"https:\/\/veezit.com.br\/index.php\/janela-maximar\/","title":{"rendered":"Janela Maximar"},"content":{"rendered":"\t\t<div data-elementor-type=\"wp-page\" data-elementor-id=\"4682\" class=\"elementor elementor-4682\">\n\t\t\t\t\t\t\t\t\t<section class=\"elementor-section elementor-top-section elementor-element elementor-element-782976d5 elementor-section-boxed elementor-section-height-default elementor-section-height-default astroon-bg-container\" data-id=\"782976d5\" data-element_type=\"section\">\n\t\t\t\t\t\t<div class=\"elementor-container elementor-column-gap-default\">\n\t\t\t\t\t<div class=\"elementor-column elementor-col-100 elementor-top-column elementor-element elementor-element-2f17805e\" data-id=\"2f17805e\" data-element_type=\"column\">\n\t\t\t<div class=\"elementor-widget-wrap elementor-element-populated\">\n\t\t\t\t\t\t\t\t<div class=\"elementor-element elementor-element-27e14ee0 elementor-widget elementor-widget-text-editor\" data-id=\"27e14ee0\" data-element_type=\"widget\" data-widget_type=\"text-editor.default\">\n\t\t\t\t<div class=\"elementor-widget-container\">\n\t\t\t<style>\/*! elementor - v3.12.1 - 02-04-2023 *\/\n.elementor-widget-text-editor.elementor-drop-cap-view-stacked .elementor-drop-cap{background-color:#69727d;color:#fff}.elementor-widget-text-editor.elementor-drop-cap-view-framed .elementor-drop-cap{color:#69727d;border:3px solid;background-color:transparent}.elementor-widget-text-editor:not(.elementor-drop-cap-view-default) .elementor-drop-cap{margin-top:8px}.elementor-widget-text-editor:not(.elementor-drop-cap-view-default) .elementor-drop-cap-letter{width:1em;height:1em}.elementor-widget-text-editor .elementor-drop-cap{float:left;text-align:center;line-height:1;font-size:50px}.elementor-widget-text-editor .elementor-drop-cap-letter{display:inline-block}<\/style>\t\t\t\t<!-- wp:paragraph -->\n<p>Janelas maximar s\u00e3o esquadrias projetantes \u2013 a folha se projeta para fora da constru\u00e7\u00e3o, garantindo assim ventila\u00e7\u00e3o total ou limitada. As pe\u00e7as das Linhas euroTEC e TECplus s\u00e3o fabricadas com estrutura interna robusta, oferecendo grande versatilidade devido ao enorme n\u00famero de possibilidades de dimens\u00f5es, formatos, conex\u00f5es e vidros. Com bra\u00e7os em a\u00e7o inox refor\u00e7ado.<\/p>\n<!-- \/wp:paragraph -->\t\t\t\t\t\t<\/div>\n\t\t\t\t<\/div>\n\t\t\t\t\t<\/div>\n\t\t<\/div>\n\t\t\t\t\t\t\t<\/div>\n\t\t<\/section>\n\t\t\t\t\t\t\t<\/div>\n\t\t","protected":false},"excerpt":{"rendered":"<p>Janelas maximar s\u00e3o esquadrias projetantes \u2013 a folha se projeta para fora da constru\u00e7\u00e3o, garantindo assim ventila\u00e7\u00e3o total ou limitada. As pe\u00e7as das Linhas euroTEC e TECplus s\u00e3o fabricadas com estrutura interna robusta, oferecendo grande versatilidade devido ao enorme n\u00famero de possibilidades de dimens\u00f5es, formatos,&#8230;<\/p>\n","protected":false},"author":1,"featured_media":0,"parent":0,"menu_order":0,"comment_status":"closed","ping_status":"closed","template":"elementor_header_footer","meta":{"_mi_skip_tracking":false,"_vp_format_video_url":"","_vp_image_focal_point":[]},"aioseo_notices":[],"acf":[],"_links":{"self":[{"href":"https:\/\/veezit.com.br\/index.php\/wp-json\/wp\/v2\/pages\/4682"}],"collection":[{"href":"https:\/\/veezit.com.br\/index.php\/wp-json\/wp\/v2\/pages"}],"about":[{"href":"https:\/\/veezit.com.br\/index.php\/wp-json\/wp\/v2\/types\/page"}],"author":[{"embeddable":true,"href":"https:\/\/veezit.com.br\/index.php\/wp-json\/wp\/v2\/users\/1"}],"replies":[{"embeddable":true,"href":"https:\/\/veezit.com.br\/index.php\/wp-json\/wp\/v2\/comments?post=4682"}],"version-history":[{"count":4,"href":"https:\/\/veezit.com.br\/index.php\/wp-json\/wp\/v2\/pages\/4682\/revisions"}],"predecessor-version":[{"id":4686,"href":"https:\/\/veezit.com.br\/index.php\/wp-json\/wp\/v2\/pages\/4682\/revisions\/4686"}],"wp:attachment":[{"href":"https:\/\/veezit.com.br\/index.php\/wp-json\/wp\/v2\/media?parent=4682"}],"curies":[{"name":"wp","href":"https:\/\/api.w.org\/{rel}","templated":true}]}}