{"id":4671,"date":"2023-04-14T08:59:05","date_gmt":"2023-04-14T11:59:05","guid":{"rendered":"https:\/\/veezit.com.br\/?page_id=4671"},"modified":"2023-04-14T09:00:05","modified_gmt":"2023-04-14T12:00:05","slug":"janela-oscilobatente","status":"publish","type":"page","link":"https:\/\/veezit.com.br\/index.php\/janela-oscilobatente\/","title":{"rendered":"Janela Oscilobatente"},"content":{"rendered":"\t\t<div data-elementor-type=\"wp-page\" data-elementor-id=\"4671\" class=\"elementor elementor-4671\">\n\t\t\t\t\t\t\t\t\t<section class=\"elementor-section elementor-top-section elementor-element elementor-element-57a2f757 elementor-section-boxed elementor-section-height-default elementor-section-height-default astroon-bg-container\" data-id=\"57a2f757\" data-element_type=\"section\">\n\t\t\t\t\t\t<div class=\"elementor-container elementor-column-gap-default\">\n\t\t\t\t\t<div class=\"elementor-column elementor-col-100 elementor-top-column elementor-element elementor-element-40705c6d\" data-id=\"40705c6d\" data-element_type=\"column\">\n\t\t\t<div class=\"elementor-widget-wrap elementor-element-populated\">\n\t\t\t\t\t\t\t\t<div class=\"elementor-element elementor-element-38cc3863 elementor-widget elementor-widget-text-editor\" data-id=\"38cc3863\" data-element_type=\"widget\" data-widget_type=\"text-editor.default\">\n\t\t\t\t<div class=\"elementor-widget-container\">\n\t\t\t<style>\/*! elementor - v3.12.1 - 02-04-2023 *\/\n.elementor-widget-text-editor.elementor-drop-cap-view-stacked .elementor-drop-cap{background-color:#69727d;color:#fff}.elementor-widget-text-editor.elementor-drop-cap-view-framed .elementor-drop-cap{color:#69727d;border:3px solid;background-color:transparent}.elementor-widget-text-editor:not(.elementor-drop-cap-view-default) .elementor-drop-cap{margin-top:8px}.elementor-widget-text-editor:not(.elementor-drop-cap-view-default) .elementor-drop-cap-letter{width:1em;height:1em}.elementor-widget-text-editor .elementor-drop-cap{float:left;text-align:center;line-height:1;font-size:50px}.elementor-widget-text-editor .elementor-drop-cap-letter{display:inline-block}<\/style>\t\t\t\t<!-- wp:paragraph -->\n<p>As janelas oscilobatente foram desenvolvidas inicialmente para serem utilizadas em regi\u00f5es com grandes varia\u00e7\u00f5es de clima. Possui uma ferragem de funcionamento especial que contorna todo o per\u00edmetro da folha, possibilitando dupla abertura (abrir e tombar), permitindo ent\u00e3o ventila\u00e7\u00e3o total ou limitada.<\/p>\n<!-- \/wp:paragraph -->\n\n<!-- wp:paragraph -->\n<p>\u00c9 um produto muito vers\u00e1til, pode receber persianas de enrolar e \u00e9 ideal para ser aplicado em locais onde h\u00e1 necessidade de ventila\u00e7\u00e3o limitada ou em situa\u00e7\u00f5es onde o v\u00e3o \u00e9 muito estreito para receber esquadrias de correr.<\/p>\n<!-- \/wp:paragraph -->\t\t\t\t\t\t<\/div>\n\t\t\t\t<\/div>\n\t\t\t\t\t<\/div>\n\t\t<\/div>\n\t\t\t\t\t\t\t<\/div>\n\t\t<\/section>\n\t\t\t\t\t\t\t<\/div>\n\t\t","protected":false},"excerpt":{"rendered":"<p>As janelas oscilobatente foram desenvolvidas inicialmente para serem utilizadas em regi\u00f5es com grandes varia\u00e7\u00f5es de clima. Possui uma ferragem de funcionamento especial que contorna todo o per\u00edmetro da folha, possibilitando dupla abertura (abrir e tombar), permitindo ent\u00e3o ventila\u00e7\u00e3o total ou limitada. \u00c9 um produto muito&#8230;<\/p>\n","protected":false},"author":1,"featured_media":0,"parent":0,"menu_order":0,"comment_status":"closed","ping_status":"closed","template":"elementor_header_footer","meta":{"_mi_skip_tracking":false,"_vp_format_video_url":"","_vp_image_focal_point":[]},"aioseo_notices":[],"acf":[],"_links":{"self":[{"href":"https:\/\/veezit.com.br\/index.php\/wp-json\/wp\/v2\/pages\/4671"}],"collection":[{"href":"https:\/\/veezit.com.br\/index.php\/wp-json\/wp\/v2\/pages"}],"about":[{"href":"https:\/\/veezit.com.br\/index.php\/wp-json\/wp\/v2\/types\/page"}],"author":[{"embeddable":true,"href":"https:\/\/veezit.com.br\/index.php\/wp-json\/wp\/v2\/users\/1"}],"replies":[{"embeddable":true,"href":"https:\/\/veezit.com.br\/index.php\/wp-json\/wp\/v2\/comments?post=4671"}],"version-history":[{"count":4,"href":"https:\/\/veezit.com.br\/index.php\/wp-json\/wp\/v2\/pages\/4671\/revisions"}],"predecessor-version":[{"id":4675,"href":"https:\/\/veezit.com.br\/index.php\/wp-json\/wp\/v2\/pages\/4671\/revisions\/4675"}],"wp:attachment":[{"href":"https:\/\/veezit.com.br\/index.php\/wp-json\/wp\/v2\/media?parent=4671"}],"curies":[{"name":"wp","href":"https:\/\/api.w.org\/{rel}","templated":true}]}}