{"id":4666,"date":"2023-04-14T08:55:06","date_gmt":"2023-04-14T11:55:06","guid":{"rendered":"https:\/\/veezit.com.br\/?page_id=4666"},"modified":"2023-04-14T08:57:39","modified_gmt":"2023-04-14T11:57:39","slug":"persiana-de-enrolar-motorizada","status":"publish","type":"page","link":"https:\/\/veezit.com.br\/index.php\/persiana-de-enrolar-motorizada\/","title":{"rendered":"Persiana de Enrolar Motorizada"},"content":{"rendered":"\t\t<div data-elementor-type=\"wp-page\" data-elementor-id=\"4666\" class=\"elementor elementor-4666\">\n\t\t\t\t\t\t\t\t\t<section class=\"elementor-section elementor-top-section elementor-element elementor-element-59602a83 elementor-section-boxed elementor-section-height-default elementor-section-height-default astroon-bg-container\" data-id=\"59602a83\" data-element_type=\"section\">\n\t\t\t\t\t\t<div class=\"elementor-container elementor-column-gap-default\">\n\t\t\t\t\t<div class=\"elementor-column elementor-col-100 elementor-top-column elementor-element elementor-element-316ba718\" data-id=\"316ba718\" data-element_type=\"column\">\n\t\t\t<div class=\"elementor-widget-wrap elementor-element-populated\">\n\t\t\t\t\t\t\t\t<div class=\"elementor-element elementor-element-16f43d98 elementor-widget elementor-widget-text-editor\" data-id=\"16f43d98\" data-element_type=\"widget\" data-widget_type=\"text-editor.default\">\n\t\t\t\t<div class=\"elementor-widget-container\">\n\t\t\t<style>\/*! elementor - v3.12.1 - 02-04-2023 *\/\n.elementor-widget-text-editor.elementor-drop-cap-view-stacked .elementor-drop-cap{background-color:#69727d;color:#fff}.elementor-widget-text-editor.elementor-drop-cap-view-framed .elementor-drop-cap{color:#69727d;border:3px solid;background-color:transparent}.elementor-widget-text-editor:not(.elementor-drop-cap-view-default) .elementor-drop-cap{margin-top:8px}.elementor-widget-text-editor:not(.elementor-drop-cap-view-default) .elementor-drop-cap-letter{width:1em;height:1em}.elementor-widget-text-editor .elementor-drop-cap{float:left;text-align:center;line-height:1;font-size:50px}.elementor-widget-text-editor .elementor-drop-cap-letter{display:inline-block}<\/style>\t\t\t\t<!-- wp:paragraph -->\n<p>Por permitirem ilumina\u00e7\u00e3o em toda a \u00e1rea da esquadria, ventila\u00e7\u00e3o e fechamento blackout s\u00e3o consideradas a solu\u00e7\u00e3o definitiva de escurecimento para portas e janelas.<\/p>\n<!-- \/wp:paragraph -->\n\n<!-- wp:paragraph -->\n<p>Belas e com sistemas de funcionamento de \u00faltima gera\u00e7\u00e3o, incluindo rolamentos blindados, eixos em a\u00e7o galvanizado e todas s\u00e3o motorizadas, com acionamento por Botoeira ou Controle Remoto. possibilidades de motoriza\u00e7\u00e3o, as persianas de enrolar da Veezit oferecem extrema confiabilidade e durabildade.<\/p>\n<!-- \/wp:paragraph -->\n\n<!-- wp:paragraph -->\n<p>Vers\u00e1til, as persianas de enrolar podem ser instaladas em portas e janelas de correr, abrir, guilhotina, oscilobatente e requadros fixos.<\/p>\n<!-- \/wp:paragraph -->\t\t\t\t\t\t<\/div>\n\t\t\t\t<\/div>\n\t\t\t\t\t<\/div>\n\t\t<\/div>\n\t\t\t\t\t\t\t<\/div>\n\t\t<\/section>\n\t\t\t\t\t\t\t<\/div>\n\t\t","protected":false},"excerpt":{"rendered":"<p>Por permitirem ilumina\u00e7\u00e3o em toda a \u00e1rea da esquadria, ventila\u00e7\u00e3o e fechamento blackout s\u00e3o consideradas a solu\u00e7\u00e3o definitiva de escurecimento para portas e janelas. Belas e com sistemas de funcionamento de \u00faltima gera\u00e7\u00e3o, incluindo rolamentos blindados, eixos em a\u00e7o galvanizado e todas s\u00e3o motorizadas, com&#8230;<\/p>\n","protected":false},"author":1,"featured_media":0,"parent":0,"menu_order":0,"comment_status":"closed","ping_status":"closed","template":"elementor_header_footer","meta":{"_mi_skip_tracking":false,"_vp_format_video_url":"","_vp_image_focal_point":[]},"aioseo_notices":[],"acf":[],"_links":{"self":[{"href":"https:\/\/veezit.com.br\/index.php\/wp-json\/wp\/v2\/pages\/4666"}],"collection":[{"href":"https:\/\/veezit.com.br\/index.php\/wp-json\/wp\/v2\/pages"}],"about":[{"href":"https:\/\/veezit.com.br\/index.php\/wp-json\/wp\/v2\/types\/page"}],"author":[{"embeddable":true,"href":"https:\/\/veezit.com.br\/index.php\/wp-json\/wp\/v2\/users\/1"}],"replies":[{"embeddable":true,"href":"https:\/\/veezit.com.br\/index.php\/wp-json\/wp\/v2\/comments?post=4666"}],"version-history":[{"count":4,"href":"https:\/\/veezit.com.br\/index.php\/wp-json\/wp\/v2\/pages\/4666\/revisions"}],"predecessor-version":[{"id":4670,"href":"https:\/\/veezit.com.br\/index.php\/wp-json\/wp\/v2\/pages\/4666\/revisions\/4670"}],"wp:attachment":[{"href":"https:\/\/veezit.com.br\/index.php\/wp-json\/wp\/v2\/media?parent=4666"}],"curies":[{"name":"wp","href":"https:\/\/api.w.org\/{rel}","templated":true}]}}