{"id":4661,"date":"2023-04-14T08:53:15","date_gmt":"2023-04-14T11:53:15","guid":{"rendered":"https:\/\/veezit.com.br\/?page_id=4661"},"modified":"2023-04-14T08:54:38","modified_gmt":"2023-04-14T11:54:38","slug":"portas-e-janelas-de-abrir","status":"publish","type":"page","link":"https:\/\/veezit.com.br\/index.php\/portas-e-janelas-de-abrir\/","title":{"rendered":"Portas e Janelas de abrir"},"content":{"rendered":"\t\t<div data-elementor-type=\"wp-page\" data-elementor-id=\"4661\" class=\"elementor elementor-4661\">\n\t\t\t\t\t\t\t\t\t<section class=\"elementor-section elementor-top-section elementor-element elementor-element-7f1f18c elementor-section-boxed elementor-section-height-default elementor-section-height-default astroon-bg-container\" data-id=\"7f1f18c\" data-element_type=\"section\">\n\t\t\t\t\t\t<div class=\"elementor-container elementor-column-gap-default\">\n\t\t\t\t\t<div class=\"elementor-column elementor-col-100 elementor-top-column elementor-element elementor-element-2f94226f\" data-id=\"2f94226f\" data-element_type=\"column\">\n\t\t\t<div class=\"elementor-widget-wrap elementor-element-populated\">\n\t\t\t\t\t\t\t\t<div class=\"elementor-element elementor-element-635290c4 elementor-widget elementor-widget-text-editor\" data-id=\"635290c4\" data-element_type=\"widget\" data-widget_type=\"text-editor.default\">\n\t\t\t\t<div class=\"elementor-widget-container\">\n\t\t\t<style>\/*! elementor - v3.12.1 - 02-04-2023 *\/\n.elementor-widget-text-editor.elementor-drop-cap-view-stacked .elementor-drop-cap{background-color:#69727d;color:#fff}.elementor-widget-text-editor.elementor-drop-cap-view-framed .elementor-drop-cap{color:#69727d;border:3px solid;background-color:transparent}.elementor-widget-text-editor:not(.elementor-drop-cap-view-default) .elementor-drop-cap{margin-top:8px}.elementor-widget-text-editor:not(.elementor-drop-cap-view-default) .elementor-drop-cap-letter{width:1em;height:1em}.elementor-widget-text-editor .elementor-drop-cap{float:left;text-align:center;line-height:1;font-size:50px}.elementor-widget-text-editor .elementor-drop-cap-letter{display:inline-block}<\/style>\t\t\t\t<!-- wp:paragraph -->\n<p>As portas e janelas de abrir s\u00e3o parte importante do cat\u00e1logo de produtos Veezit. Com funcionamento tradicional, nossas portas e janelas de abrir atendem a diversas finalidades. Podem ser usadas como portas de sauna, acesso \u00e0 s\u00f3t\u00e3os ou portas e janelas de abrir com veda\u00e7\u00e3o permanente.<\/p>\n<!-- \/wp:paragraph -->\n\n<!-- wp:paragraph -->\n<p>Fabricamos nossas portas e janelas de abrir com dobradi\u00e7as em a\u00e7o refor\u00e7ado e sistemas de fechamento com cremonas multiponto.<\/p>\n<!-- \/wp:paragraph -->\t\t\t\t\t\t<\/div>\n\t\t\t\t<\/div>\n\t\t\t\t\t<\/div>\n\t\t<\/div>\n\t\t\t\t\t\t\t<\/div>\n\t\t<\/section>\n\t\t\t\t\t\t\t<\/div>\n\t\t","protected":false},"excerpt":{"rendered":"<p>As portas e janelas de abrir s\u00e3o parte importante do cat\u00e1logo de produtos Veezit. Com funcionamento tradicional, nossas portas e janelas de abrir atendem a diversas finalidades. Podem ser usadas como portas de sauna, acesso \u00e0 s\u00f3t\u00e3os ou portas e janelas de abrir com veda\u00e7\u00e3o&#8230;<\/p>\n","protected":false},"author":1,"featured_media":0,"parent":0,"menu_order":0,"comment_status":"closed","ping_status":"closed","template":"elementor_header_footer","meta":{"_mi_skip_tracking":false,"_vp_format_video_url":"","_vp_image_focal_point":[]},"aioseo_notices":[],"acf":[],"_links":{"self":[{"href":"https:\/\/veezit.com.br\/index.php\/wp-json\/wp\/v2\/pages\/4661"}],"collection":[{"href":"https:\/\/veezit.com.br\/index.php\/wp-json\/wp\/v2\/pages"}],"about":[{"href":"https:\/\/veezit.com.br\/index.php\/wp-json\/wp\/v2\/types\/page"}],"author":[{"embeddable":true,"href":"https:\/\/veezit.com.br\/index.php\/wp-json\/wp\/v2\/users\/1"}],"replies":[{"embeddable":true,"href":"https:\/\/veezit.com.br\/index.php\/wp-json\/wp\/v2\/comments?post=4661"}],"version-history":[{"count":4,"href":"https:\/\/veezit.com.br\/index.php\/wp-json\/wp\/v2\/pages\/4661\/revisions"}],"predecessor-version":[{"id":4665,"href":"https:\/\/veezit.com.br\/index.php\/wp-json\/wp\/v2\/pages\/4661\/revisions\/4665"}],"wp:attachment":[{"href":"https:\/\/veezit.com.br\/index.php\/wp-json\/wp\/v2\/media?parent=4661"}],"curies":[{"name":"wp","href":"https:\/\/api.w.org\/{rel}","templated":true}]}}