{"id":4656,"date":"2023-04-14T08:51:25","date_gmt":"2023-04-14T11:51:25","guid":{"rendered":"https:\/\/veezit.com.br\/?page_id=4656"},"modified":"2023-04-14T08:52:07","modified_gmt":"2023-04-14T11:52:07","slug":"portas-e-janelas-de-correr","status":"publish","type":"page","link":"https:\/\/veezit.com.br\/index.php\/portas-e-janelas-de-correr\/","title":{"rendered":"Portas e Janelas de correr"},"content":{"rendered":"\t\t<div data-elementor-type=\"wp-page\" data-elementor-id=\"4656\" class=\"elementor elementor-4656\">\n\t\t\t\t\t\t\t\t\t<section class=\"elementor-section elementor-top-section elementor-element elementor-element-51cdd07a elementor-section-boxed elementor-section-height-default elementor-section-height-default astroon-bg-container\" data-id=\"51cdd07a\" data-element_type=\"section\">\n\t\t\t\t\t\t<div class=\"elementor-container elementor-column-gap-default\">\n\t\t\t\t\t<div class=\"elementor-column elementor-col-100 elementor-top-column elementor-element elementor-element-151fb3e3\" data-id=\"151fb3e3\" data-element_type=\"column\">\n\t\t\t<div class=\"elementor-widget-wrap elementor-element-populated\">\n\t\t\t\t\t\t\t\t<div class=\"elementor-element elementor-element-bdccde8 elementor-widget elementor-widget-text-editor\" data-id=\"bdccde8\" data-element_type=\"widget\" data-widget_type=\"text-editor.default\">\n\t\t\t\t<div class=\"elementor-widget-container\">\n\t\t\t<style>\/*! elementor - v3.12.1 - 02-04-2023 *\/\n.elementor-widget-text-editor.elementor-drop-cap-view-stacked .elementor-drop-cap{background-color:#69727d;color:#fff}.elementor-widget-text-editor.elementor-drop-cap-view-framed .elementor-drop-cap{color:#69727d;border:3px solid;background-color:transparent}.elementor-widget-text-editor:not(.elementor-drop-cap-view-default) .elementor-drop-cap{margin-top:8px}.elementor-widget-text-editor:not(.elementor-drop-cap-view-default) .elementor-drop-cap-letter{width:1em;height:1em}.elementor-widget-text-editor .elementor-drop-cap{float:left;text-align:center;line-height:1;font-size:50px}.elementor-widget-text-editor .elementor-drop-cap-letter{display:inline-block}<\/style>\t\t\t\t<!-- wp:paragraph -->\n<p>Os sistemas de portas e janelas de correr da Veezit s\u00e3o os mais completos e vers\u00e1teis do mercado. Desde sistemas de correr leves para usos em edif\u00edcios \u00e0s linhas extra-pesadas capazes de construir pe\u00e7as de grandes dimens\u00f5es.<\/p>\n<!-- \/wp:paragraph -->\n\n<!-- wp:paragraph -->\n<p>Usando rolamentos blindados especiais, sistemas de cremona multiponto, gaxetas especiais de veda\u00e7\u00e3o e acess\u00f3rios de alto padr\u00e3o, nossos sistemas de correr proporcionam o melhor custo-benef\u00edcio em termos de esquadria.<\/p>\n<!-- \/wp:paragraph -->\t\t\t\t\t\t<\/div>\n\t\t\t\t<\/div>\n\t\t\t\t\t<\/div>\n\t\t<\/div>\n\t\t\t\t\t\t\t<\/div>\n\t\t<\/section>\n\t\t\t\t\t\t\t<\/div>\n\t\t","protected":false},"excerpt":{"rendered":"<p>Os sistemas de portas e janelas de correr da Veezit s\u00e3o os mais completos e vers\u00e1teis do mercado. Desde sistemas de correr leves para usos em edif\u00edcios \u00e0s linhas extra-pesadas capazes de construir pe\u00e7as de grandes dimens\u00f5es. Usando rolamentos blindados especiais, sistemas de cremona multiponto,&#8230;<\/p>\n","protected":false},"author":1,"featured_media":0,"parent":0,"menu_order":0,"comment_status":"closed","ping_status":"closed","template":"elementor_header_footer","meta":{"_mi_skip_tracking":false,"_vp_format_video_url":"","_vp_image_focal_point":[]},"aioseo_notices":[],"acf":[],"_links":{"self":[{"href":"https:\/\/veezit.com.br\/index.php\/wp-json\/wp\/v2\/pages\/4656"}],"collection":[{"href":"https:\/\/veezit.com.br\/index.php\/wp-json\/wp\/v2\/pages"}],"about":[{"href":"https:\/\/veezit.com.br\/index.php\/wp-json\/wp\/v2\/types\/page"}],"author":[{"embeddable":true,"href":"https:\/\/veezit.com.br\/index.php\/wp-json\/wp\/v2\/users\/1"}],"replies":[{"embeddable":true,"href":"https:\/\/veezit.com.br\/index.php\/wp-json\/wp\/v2\/comments?post=4656"}],"version-history":[{"count":4,"href":"https:\/\/veezit.com.br\/index.php\/wp-json\/wp\/v2\/pages\/4656\/revisions"}],"predecessor-version":[{"id":4660,"href":"https:\/\/veezit.com.br\/index.php\/wp-json\/wp\/v2\/pages\/4656\/revisions\/4660"}],"wp:attachment":[{"href":"https:\/\/veezit.com.br\/index.php\/wp-json\/wp\/v2\/media?parent=4656"}],"curies":[{"name":"wp","href":"https:\/\/api.w.org\/{rel}","templated":true}]}}