{"id":4651,"date":"2023-04-14T08:48:50","date_gmt":"2023-04-14T11:48:50","guid":{"rendered":"https:\/\/veezit.com.br\/?page_id=4651"},"modified":"2023-04-14T08:49:43","modified_gmt":"2023-04-14T11:49:43","slug":"requadros-fixos","status":"publish","type":"page","link":"https:\/\/veezit.com.br\/index.php\/requadros-fixos\/","title":{"rendered":"Requadros fixos"},"content":{"rendered":"\t\t<div data-elementor-type=\"wp-page\" data-elementor-id=\"4651\" class=\"elementor elementor-4651\">\n\t\t\t\t\t\t\t\t\t<section class=\"elementor-section elementor-top-section elementor-element elementor-element-727e2787 elementor-section-boxed elementor-section-height-default elementor-section-height-default astroon-bg-container\" data-id=\"727e2787\" data-element_type=\"section\">\n\t\t\t\t\t\t<div class=\"elementor-container elementor-column-gap-default\">\n\t\t\t\t\t<div class=\"elementor-column elementor-col-100 elementor-top-column elementor-element elementor-element-4e087245\" data-id=\"4e087245\" data-element_type=\"column\">\n\t\t\t<div class=\"elementor-widget-wrap elementor-element-populated\">\n\t\t\t\t\t\t\t\t<div class=\"elementor-element elementor-element-562787f9 elementor-widget elementor-widget-text-editor\" data-id=\"562787f9\" data-element_type=\"widget\" data-widget_type=\"text-editor.default\">\n\t\t\t\t<div class=\"elementor-widget-container\">\n\t\t\t<style>\/*! elementor - v3.12.1 - 02-04-2023 *\/\n.elementor-widget-text-editor.elementor-drop-cap-view-stacked .elementor-drop-cap{background-color:#69727d;color:#fff}.elementor-widget-text-editor.elementor-drop-cap-view-framed .elementor-drop-cap{color:#69727d;border:3px solid;background-color:transparent}.elementor-widget-text-editor:not(.elementor-drop-cap-view-default) .elementor-drop-cap{margin-top:8px}.elementor-widget-text-editor:not(.elementor-drop-cap-view-default) .elementor-drop-cap-letter{width:1em;height:1em}.elementor-widget-text-editor .elementor-drop-cap{float:left;text-align:center;line-height:1;font-size:50px}.elementor-widget-text-editor .elementor-drop-cap-letter{display:inline-block}<\/style>\t\t\t\t<!-- wp:paragraph -->\n<p>As solu\u00e7\u00f5es em requadros fixos Veezit s\u00e3o compostas por duas linhas completas de perfis. Com estas linhas temos condi\u00e7\u00f5es de fabricar pe\u00e7as refor\u00e7adas de dimens\u00f5es extremamente especiais tendo como limitante apenas a resist\u00eancia dos vidros.<\/p>\n<!-- \/wp:paragraph -->\n\n<!-- wp:paragraph -->\n<p>Com \u00f3timo custo-benef\u00edcio, nossos requadros fixos s\u00e3o execelentes op\u00e7\u00f5es para aplica\u00e7\u00e3o em ilumina\u00e7\u00e3o de escadas, vazios e fachadas, substituindo assim tilojos de vidros e outros fechamentos.<\/p>\n<!-- \/wp:paragraph -->\t\t\t\t\t\t<\/div>\n\t\t\t\t<\/div>\n\t\t\t\t\t<\/div>\n\t\t<\/div>\n\t\t\t\t\t\t\t<\/div>\n\t\t<\/section>\n\t\t\t\t\t\t\t<\/div>\n\t\t","protected":false},"excerpt":{"rendered":"<p>As solu\u00e7\u00f5es em requadros fixos Veezit s\u00e3o compostas por duas linhas completas de perfis. Com estas linhas temos condi\u00e7\u00f5es de fabricar pe\u00e7as refor\u00e7adas de dimens\u00f5es extremamente especiais tendo como limitante apenas a resist\u00eancia dos vidros. Com \u00f3timo custo-benef\u00edcio, nossos requadros fixos s\u00e3o execelentes op\u00e7\u00f5es para&#8230;<\/p>\n","protected":false},"author":1,"featured_media":0,"parent":0,"menu_order":0,"comment_status":"closed","ping_status":"closed","template":"elementor_header_footer","meta":{"_mi_skip_tracking":false,"_vp_format_video_url":"","_vp_image_focal_point":[]},"aioseo_notices":[],"acf":[],"_links":{"self":[{"href":"https:\/\/veezit.com.br\/index.php\/wp-json\/wp\/v2\/pages\/4651"}],"collection":[{"href":"https:\/\/veezit.com.br\/index.php\/wp-json\/wp\/v2\/pages"}],"about":[{"href":"https:\/\/veezit.com.br\/index.php\/wp-json\/wp\/v2\/types\/page"}],"author":[{"embeddable":true,"href":"https:\/\/veezit.com.br\/index.php\/wp-json\/wp\/v2\/users\/1"}],"replies":[{"embeddable":true,"href":"https:\/\/veezit.com.br\/index.php\/wp-json\/wp\/v2\/comments?post=4651"}],"version-history":[{"count":4,"href":"https:\/\/veezit.com.br\/index.php\/wp-json\/wp\/v2\/pages\/4651\/revisions"}],"predecessor-version":[{"id":4655,"href":"https:\/\/veezit.com.br\/index.php\/wp-json\/wp\/v2\/pages\/4651\/revisions\/4655"}],"wp:attachment":[{"href":"https:\/\/veezit.com.br\/index.php\/wp-json\/wp\/v2\/media?parent=4651"}],"curies":[{"name":"wp","href":"https:\/\/api.w.org\/{rel}","templated":true}]}}