{"id":4640,"date":"2023-04-14T08:42:31","date_gmt":"2023-04-14T11:42:31","guid":{"rendered":"https:\/\/veezit.com.br\/?page_id=4640"},"modified":"2023-04-14T08:44:28","modified_gmt":"2023-04-14T11:44:28","slug":"vidros","status":"publish","type":"page","link":"https:\/\/veezit.com.br\/index.php\/vidros\/","title":{"rendered":"Vidros"},"content":{"rendered":"\t\t<div data-elementor-type=\"wp-page\" data-elementor-id=\"4640\" class=\"elementor elementor-4640\">\n\t\t\t\t\t\t\t\t\t<section class=\"elementor-section elementor-top-section elementor-element elementor-element-259655ea elementor-section-boxed elementor-section-height-default elementor-section-height-default astroon-bg-container\" data-id=\"259655ea\" data-element_type=\"section\">\n\t\t\t\t\t\t<div class=\"elementor-container elementor-column-gap-default\">\n\t\t\t\t\t<div class=\"elementor-column elementor-col-100 elementor-top-column elementor-element elementor-element-696ca925\" data-id=\"696ca925\" data-element_type=\"column\">\n\t\t\t<div class=\"elementor-widget-wrap elementor-element-populated\">\n\t\t\t\t\t\t\t\t<div class=\"elementor-element elementor-element-f484336 elementor-widget elementor-widget-text-editor\" data-id=\"f484336\" data-element_type=\"widget\" data-widget_type=\"text-editor.default\">\n\t\t\t\t<div class=\"elementor-widget-container\">\n\t\t\t<style>\/*! elementor - v3.12.1 - 02-04-2023 *\/\n.elementor-widget-text-editor.elementor-drop-cap-view-stacked .elementor-drop-cap{background-color:#69727d;color:#fff}.elementor-widget-text-editor.elementor-drop-cap-view-framed .elementor-drop-cap{color:#69727d;border:3px solid;background-color:transparent}.elementor-widget-text-editor:not(.elementor-drop-cap-view-default) .elementor-drop-cap{margin-top:8px}.elementor-widget-text-editor:not(.elementor-drop-cap-view-default) .elementor-drop-cap-letter{width:1em;height:1em}.elementor-widget-text-editor .elementor-drop-cap{float:left;text-align:center;line-height:1;font-size:50px}.elementor-widget-text-editor .elementor-drop-cap-letter{display:inline-block}<\/style>\t\t\t\t<!-- wp:paragraph -->\n<p>A Veezit trabalha com vidros da mais alta qualidade. Sempre atendendo e superando as normas t\u00e9cnicas e de seguran\u00e7a.<\/p>\n<!-- \/wp:paragraph -->\n\n<!-- wp:paragraph -->\n<p>Especificamos para nossas esquadrias os tipos e espessuras necess\u00e1rias para o bom funcionamento e seguran\u00e7a das pe\u00e7as. O acabamento do vidro \u00e9 de acordo com o projeto. Os vidros podem ser coloridos \u2013 verdes, azuis, fum\u00eas, refletivos, ac\u00fasticos.<\/p>\n<!-- \/wp:paragraph -->\n\n<!-- wp:paragraph -->\n<p><strong>TIPOS&nbsp;DE&nbsp;VIDROS<\/strong><\/p>\n<!-- \/wp:paragraph -->\n\n<!-- wp:paragraph -->\n<p><strong>CRISTAL \/ MINI-BOREAL<\/strong><\/p>\n<!-- \/wp:paragraph -->\n\n<!-- wp:paragraph -->\n<p>Vidros cristal ou float s\u00e3o os vidros simples e de l\u00e2mina \u00fanica. Ideal para fechamento de v\u00e3os pequenos onde n\u00e3o h\u00e1 risco de acidente ou transpasse. Al\u00e9m de econ\u00f4mico os vidros cristal podem ser fabricados com diversos padr\u00f5es e texturas, dentre elas o popular mini-boreal, que garante privacidade e conforto.<\/p>\n<!-- \/wp:paragraph -->\n\n<!-- wp:paragraph -->\n<p><strong>TEMPERADOS<\/strong><\/p>\n<!-- \/wp:paragraph -->\n\n<!-- wp:paragraph -->\n<p>S\u00e3o vidros comuns que passam por um processo chamado t\u00eampera. Este procedimento transforma a estrutura cristalina interna do vidro, realinhando os cristais numa estrutura mais forte e muito resistente.<\/p>\n<!-- \/wp:paragraph -->\n\n<!-- wp:paragraph -->\n<p>Os vidros temperados tem resist\u00eancia mec\u00e2nica cinco vezes superior a de vidros cristal e duas vezes superior a de vidros laminados, sendo assim ideal para ser usado em portas, esquadrias onde h\u00e1 risco de transpasse humano e toda e qualquer finalidade que exija vidros mais seguros.<\/p>\n<!-- \/wp:paragraph -->\n\n<!-- wp:paragraph -->\n<p><strong>LAMINADOS<\/strong><\/p>\n<!-- \/wp:paragraph -->\n\n<!-- wp:paragraph -->\n<p>Laminados s\u00e3o chamados quaisquer vidros que possuem duas ou mais l\u00e2minas de vidro unida com pel\u00edcula pl\u00e1stica entre elas. Os vidros laminados s\u00e3o extremamente vers\u00e1teis devido a enorme variedade de propriedades que se pode obter a partir das diversas pel\u00edculas que unem suas l\u00e2minas.<\/p>\n<!-- \/wp:paragraph -->\n\n<!-- wp:paragraph -->\n<p>Uma das principais vantagens dos vidros laminados \u00e9 sua capacidade de manter-se \u00edntegro mesmo que suas l\u00e2minas trinquem ou se quebrem \u2013 a pel\u00edcula mant\u00e9m unidas as partes do vidro, evitando assim que o vidro ceda.<\/p>\n<!-- \/wp:paragraph -->\n\n<!-- wp:paragraph -->\n<p>Embora mais fortes e seguros que os vidros cristal, os vidros laminados n\u00e3o s\u00e3o ideais para usos que exigem seguran\u00e7a contra impactos ou transpasse humano. Para estas situa\u00e7\u00f5es utiliza-se vidros temperados, e, em \u00faltimo caso, vidros laminados compostos por m\u00faltiplas l\u00e2minas de vidros temperados.<\/p>\n<!-- \/wp:paragraph -->\n\n<!-- wp:paragraph -->\n<p><strong>DUPLOS<\/strong><\/p>\n<!-- \/wp:paragraph -->\n\n<!-- wp:paragraph -->\n<p>Os vidros duplos ou insulados s\u00e3o compostos por duas l\u00e2minas de vidro paralelas separadas uma estrutura de alum\u00ednio montada em todo o per\u00edmetro. A c\u00e2mara entre as l\u00e2minas de vidro possui um g\u00e1s dissecante especial que desidrata o espa\u00e7o entre as l\u00e2minas de vidro, garantindo alto \u00edndice de isolamento t\u00e9rmico e ac\u00fastico.<\/p>\n<!-- \/wp:paragraph -->\t\t\t\t\t\t<\/div>\n\t\t\t\t<\/div>\n\t\t\t\t\t<\/div>\n\t\t<\/div>\n\t\t\t\t\t\t\t<\/div>\n\t\t<\/section>\n\t\t\t\t\t\t\t<\/div>\n\t\t","protected":false},"excerpt":{"rendered":"<p>A Veezit trabalha com vidros da mais alta qualidade. Sempre atendendo e superando as normas t\u00e9cnicas e de seguran\u00e7a. Especificamos para nossas esquadrias os tipos e espessuras necess\u00e1rias para o bom funcionamento e seguran\u00e7a das pe\u00e7as. O acabamento do vidro \u00e9 de acordo com o&#8230;<\/p>\n","protected":false},"author":1,"featured_media":0,"parent":0,"menu_order":0,"comment_status":"closed","ping_status":"closed","template":"elementor_header_footer","meta":{"_mi_skip_tracking":false,"_vp_format_video_url":"","_vp_image_focal_point":[]},"aioseo_notices":[],"acf":[],"_links":{"self":[{"href":"https:\/\/veezit.com.br\/index.php\/wp-json\/wp\/v2\/pages\/4640"}],"collection":[{"href":"https:\/\/veezit.com.br\/index.php\/wp-json\/wp\/v2\/pages"}],"about":[{"href":"https:\/\/veezit.com.br\/index.php\/wp-json\/wp\/v2\/types\/page"}],"author":[{"embeddable":true,"href":"https:\/\/veezit.com.br\/index.php\/wp-json\/wp\/v2\/users\/1"}],"replies":[{"embeddable":true,"href":"https:\/\/veezit.com.br\/index.php\/wp-json\/wp\/v2\/comments?post=4640"}],"version-history":[{"count":4,"href":"https:\/\/veezit.com.br\/index.php\/wp-json\/wp\/v2\/pages\/4640\/revisions"}],"predecessor-version":[{"id":4645,"href":"https:\/\/veezit.com.br\/index.php\/wp-json\/wp\/v2\/pages\/4640\/revisions\/4645"}],"wp:attachment":[{"href":"https:\/\/veezit.com.br\/index.php\/wp-json\/wp\/v2\/media?parent=4640"}],"curies":[{"name":"wp","href":"https:\/\/api.w.org\/{rel}","templated":true}]}}