{"id":3114,"date":"2020-02-14T14:08:38","date_gmt":"2020-02-14T14:08:38","guid":{"rendered":"http:\/\/uphome.local\/?page_id=2996"},"modified":"2023-04-14T09:27:21","modified_gmt":"2023-04-14T12:27:21","slug":"service","status":"publish","type":"page","link":"https:\/\/veezit.com.br\/index.php\/service\/","title":{"rendered":"Produtos"},"content":{"rendered":"\t\t<div data-elementor-type=\"wp-page\" data-elementor-id=\"3114\" class=\"elementor elementor-3114\">\n\t\t\t\t\t\t\t\t\t<section class=\"elementor-section elementor-top-section elementor-element elementor-element-22fe620 elementor-section-boxed elementor-section-height-default elementor-section-height-default astroon-bg-container\" data-id=\"22fe620\" data-element_type=\"section\">\n\t\t\t\t\t\t<div class=\"elementor-container elementor-column-gap-default\">\n\t\t\t\t\t<div class=\"elementor-column elementor-col-33 elementor-top-column elementor-element elementor-element-caf8c49\" data-id=\"caf8c49\" data-element_type=\"column\">\n\t\t\t<div class=\"elementor-widget-wrap elementor-element-populated\">\n\t\t\t\t\t\t\t\t<div class=\"elementor-element elementor-element-36e94db elementor-widget elementor-widget-info_block_uphome\" data-id=\"36e94db\" data-element_type=\"widget\" data-widget_type=\"info_block_uphome.default\">\n\t\t\t\t<div class=\"elementor-widget-container\">\n\t\t\t            <div class=\"info_block left_flex style_two center_mobile_responsive\" >\n\t\t\t\t<div class=\"num_b\">\n\n\t\t\t\t<!-- Image Type -->\n\t\t\t\t\n\t\t\t\t<\/div>\n\t\t\t\t<div class=\"content_text_block\">\n\t\t\t\t\t\t\t\t\t\t\t<h4>Vidros<\/h4>\t\t\t\t\t\t\t\t\t\t<!-- Description Block -->\n\t\t\t\t\t\t\t\t\t\t\t<p>A Veezit trabalha com vidros da mais alta qualidade. Sempre atendendo e superando as normas t\u00e9cnicas e de seguran\u00e7a.<\/p>\t\t\t\t\t\t\t\t\t<\/div>\n            <\/div>\n\n    \t\t<\/div>\n\t\t\t\t<\/div>\n\t\t\t\t<div class=\"elementor-element elementor-element-2539253 elementor-align-right elementor-mobile-align-center elementor-widget-tablet__width-auto elementor-widget elementor-widget-button_uphome\" data-id=\"2539253\" data-element_type=\"widget\" data-widget_type=\"button_uphome.default\">\n\t\t\t\t<div class=\"elementor-widget-container\">\n\t\t\t<a class=\"button_medium border_b button_settings elementor-animation-\" href=\"https:\/\/veezit.com.br\/index.php\/vidros\/\" rel=\"nofollow\"><div>Saiba mais<\/div><\/a>\t\t<\/div>\n\t\t\t\t<\/div>\n\t\t\t\t\t<\/div>\n\t\t<\/div>\n\t\t\t\t<div class=\"elementor-column elementor-col-33 elementor-top-column elementor-element elementor-element-248d3db\" data-id=\"248d3db\" data-element_type=\"column\">\n\t\t\t<div class=\"elementor-widget-wrap elementor-element-populated\">\n\t\t\t\t\t\t\t\t<div class=\"elementor-element elementor-element-694146f elementor-widget elementor-widget-info_block_uphome\" data-id=\"694146f\" data-element_type=\"widget\" data-widget_type=\"info_block_uphome.default\">\n\t\t\t\t<div class=\"elementor-widget-container\">\n\t\t\t            <div class=\"info_block left_flex style_two center_mobile_responsive\" >\n\t\t\t\t<div class=\"num_b\">\n\n\t\t\t\t<!-- Image Type -->\n\t\t\t\t\n\t\t\t\t<\/div>\n\t\t\t\t<div class=\"content_text_block\">\n\t\t\t\t\t\t\t\t\t\t\t<h4>Portas Pivotantes<\/h4>\t\t\t\t\t\t\t\t\t\t<!-- Description Block -->\n\t\t\t\t\t\t\t\t\t\t\t<p>As portas Pivotantes adicionam est\u00e9tica e eleg\u00e2ncia a qualquer projeto. Ideais para serem utilizadas na entrada de resid\u00eancias, parte da porta \u00e9 projetada para fora, o que permite a escolha de modelos maiores e design diferenciado.<\/p>\t\t\t\t\t\t\t\t\t<\/div>\n            <\/div>\n\n    \t\t<\/div>\n\t\t\t\t<\/div>\n\t\t\t\t<div class=\"elementor-element elementor-element-f76a9a7 elementor-align-right elementor-mobile-align-center elementor-widget-tablet__width-auto elementor-widget elementor-widget-button_uphome\" data-id=\"f76a9a7\" data-element_type=\"widget\" data-widget_type=\"button_uphome.default\">\n\t\t\t\t<div class=\"elementor-widget-container\">\n\t\t\t<a class=\"button_medium border_b button_settings elementor-animation-\" href=\"https:\/\/veezit.com.br\/index.php\/portas-pivotantes\/\" rel=\"nofollow\"><div>Saiba mais<\/div><\/a>\t\t<\/div>\n\t\t\t\t<\/div>\n\t\t\t\t\t<\/div>\n\t\t<\/div>\n\t\t\t\t<div class=\"elementor-column elementor-col-33 elementor-top-column elementor-element elementor-element-359c2ef\" data-id=\"359c2ef\" data-element_type=\"column\">\n\t\t\t<div class=\"elementor-widget-wrap elementor-element-populated\">\n\t\t\t\t\t\t\t\t<div class=\"elementor-element elementor-element-619b567 elementor-widget elementor-widget-info_block_uphome\" data-id=\"619b567\" data-element_type=\"widget\" data-widget_type=\"info_block_uphome.default\">\n\t\t\t\t<div class=\"elementor-widget-container\">\n\t\t\t            <div class=\"info_block left_flex style_two center_mobile_responsive\" >\n\t\t\t\t<div class=\"num_b\">\n\n\t\t\t\t<!-- Image Type -->\n\t\t\t\t\n\t\t\t\t<\/div>\n\t\t\t\t<div class=\"content_text_block\">\n\t\t\t\t\t\t\t\t\t\t\t<h4>Requadros fixos<\/h4>\t\t\t\t\t\t\t\t\t\t<!-- Description Block -->\n\t\t\t\t\t\t\t\t\t\t\t<p>As solu\u00e7\u00f5es em requadros fixos Veezit s\u00e3o compostas por duas linhas completas de perfis. Com estas linhas temos condi\u00e7\u00f5es de fabricar pe\u00e7as refor\u00e7adas de dimens\u00f5es extremamente especiais tendo como limitante apenas a resist\u00eancia dos vidros.<\/p>\t\t\t\t\t\t\t\t\t<\/div>\n            <\/div>\n\n    \t\t<\/div>\n\t\t\t\t<\/div>\n\t\t\t\t<div class=\"elementor-element elementor-element-4e1f510 elementor-align-right elementor-mobile-align-center elementor-widget-tablet__width-auto elementor-widget elementor-widget-button_uphome\" data-id=\"4e1f510\" data-element_type=\"widget\" data-widget_type=\"button_uphome.default\">\n\t\t\t\t<div class=\"elementor-widget-container\">\n\t\t\t<a class=\"button_medium border_b button_settings elementor-animation-\" href=\"https:\/\/veezit.com.br\/index.php\/requadros-fixos\/\" rel=\"nofollow\"><div>Saiba mais<\/div><\/a>\t\t<\/div>\n\t\t\t\t<\/div>\n\t\t\t\t\t<\/div>\n\t\t<\/div>\n\t\t\t\t\t\t\t<\/div>\n\t\t<\/section>\n\t\t\t\t<section class=\"elementor-section elementor-top-section elementor-element elementor-element-ddbad4a elementor-section-boxed elementor-section-height-default elementor-section-height-default astroon-bg-container\" data-id=\"ddbad4a\" data-element_type=\"section\">\n\t\t\t\t\t\t<div class=\"elementor-container elementor-column-gap-default\">\n\t\t\t\t\t<div class=\"elementor-column elementor-col-33 elementor-top-column elementor-element elementor-element-df0757d\" data-id=\"df0757d\" data-element_type=\"column\">\n\t\t\t<div class=\"elementor-widget-wrap elementor-element-populated\">\n\t\t\t\t\t\t\t\t<div class=\"elementor-element elementor-element-2ef3325 elementor-widget elementor-widget-info_block_uphome\" data-id=\"2ef3325\" data-element_type=\"widget\" data-widget_type=\"info_block_uphome.default\">\n\t\t\t\t<div class=\"elementor-widget-container\">\n\t\t\t            <div class=\"info_block left_flex style_two center_mobile_responsive\" >\n\t\t\t\t<div class=\"num_b\">\n\n\t\t\t\t<!-- Image Type -->\n\t\t\t\t\n\t\t\t\t<\/div>\n\t\t\t\t<div class=\"content_text_block\">\n\t\t\t\t\t\t\t\t\t\t\t<h4>Portas e Janelas de correr<\/h4>\t\t\t\t\t\t\t\t\t\t<!-- Description Block -->\n\t\t\t\t\t\t\t\t\t\t\t<p>Os sistemas de portas e janelas de correr da Veezit s\u00e3o os mais completos e vers\u00e1teis do mercado. Desde sistemas de correr leves para usos em edif\u00edcios \u00e0s linhas extra-pesadas capazes de construir pe\u00e7as de grandes dimens\u00f5es.\u00a0<\/p>\t\t\t\t\t\t\t\t\t<\/div>\n            <\/div>\n\n    \t\t<\/div>\n\t\t\t\t<\/div>\n\t\t\t\t<div class=\"elementor-element elementor-element-750be89 elementor-align-right elementor-mobile-align-center elementor-widget-tablet__width-auto elementor-widget elementor-widget-button_uphome\" data-id=\"750be89\" data-element_type=\"widget\" data-widget_type=\"button_uphome.default\">\n\t\t\t\t<div class=\"elementor-widget-container\">\n\t\t\t<a class=\"button_medium border_b button_settings elementor-animation-\" href=\"https:\/\/veezit.com.br\/index.php\/portas-e-janelas-de-correr\/\" rel=\"nofollow\"><div>Saiba mais<\/div><\/a>\t\t<\/div>\n\t\t\t\t<\/div>\n\t\t\t\t\t<\/div>\n\t\t<\/div>\n\t\t\t\t<div class=\"elementor-column elementor-col-33 elementor-top-column elementor-element elementor-element-b11e328\" data-id=\"b11e328\" data-element_type=\"column\">\n\t\t\t<div class=\"elementor-widget-wrap elementor-element-populated\">\n\t\t\t\t\t\t\t\t<div class=\"elementor-element elementor-element-9ea2960 elementor-widget elementor-widget-info_block_uphome\" data-id=\"9ea2960\" data-element_type=\"widget\" data-widget_type=\"info_block_uphome.default\">\n\t\t\t\t<div class=\"elementor-widget-container\">\n\t\t\t            <div class=\"info_block left_flex style_two center_mobile_responsive\" >\n\t\t\t\t<div class=\"num_b\">\n\n\t\t\t\t<!-- Image Type -->\n\t\t\t\t\n\t\t\t\t<\/div>\n\t\t\t\t<div class=\"content_text_block\">\n\t\t\t\t\t\t\t\t\t\t\t<h4>Portas e Janelas de abrir<\/h4>\t\t\t\t\t\t\t\t\t\t<!-- Description Block -->\n\t\t\t\t\t\t\t\t\t\t\t<p>As portas e janelas de abrir s\u00e3o parte importante do cat\u00e1logo de produtos Veezit. Com funcionamento tradicional, nossas portas e janelas de abrir atendem a diversas finalidades.<\/p>\t\t\t\t\t\t\t\t\t<\/div>\n            <\/div>\n\n    \t\t<\/div>\n\t\t\t\t<\/div>\n\t\t\t\t<div class=\"elementor-element elementor-element-c3c62ca elementor-align-right elementor-mobile-align-center elementor-widget-tablet__width-auto elementor-widget elementor-widget-button_uphome\" data-id=\"c3c62ca\" data-element_type=\"widget\" data-widget_type=\"button_uphome.default\">\n\t\t\t\t<div class=\"elementor-widget-container\">\n\t\t\t<a class=\"button_medium border_b button_settings elementor-animation-\" href=\"https:\/\/veezit.com.br\/index.php\/portas-e-janelas-de-abrir\/\" rel=\"nofollow\"><div>Saiba mais<\/div><\/a>\t\t<\/div>\n\t\t\t\t<\/div>\n\t\t\t\t\t<\/div>\n\t\t<\/div>\n\t\t\t\t<div class=\"elementor-column elementor-col-33 elementor-top-column elementor-element elementor-element-deff09e\" data-id=\"deff09e\" data-element_type=\"column\">\n\t\t\t<div class=\"elementor-widget-wrap elementor-element-populated\">\n\t\t\t\t\t\t\t\t<div class=\"elementor-element elementor-element-c153030 elementor-widget elementor-widget-info_block_uphome\" data-id=\"c153030\" data-element_type=\"widget\" data-widget_type=\"info_block_uphome.default\">\n\t\t\t\t<div class=\"elementor-widget-container\">\n\t\t\t            <div class=\"info_block left_flex style_two center_mobile_responsive\" >\n\t\t\t\t<div class=\"num_b\">\n\n\t\t\t\t<!-- Image Type -->\n\t\t\t\t\n\t\t\t\t<\/div>\n\t\t\t\t<div class=\"content_text_block\">\n\t\t\t\t\t\t\t\t\t\t\t<h4>Persiana de Enrolar Motorizada<\/h4>\t\t\t\t\t\t\t\t\t\t<!-- Description Block -->\n\t\t\t\t\t\t\t\t\t\t\t<p>Por permitirem ilumina\u00e7\u00e3o em toda a \u00e1rea da esquadria, ventila\u00e7\u00e3o e fechamento blackout s\u00e3o consideradas a solu\u00e7\u00e3o definitiva de escurecimento para portas e janelas.<\/p>\t\t\t\t\t\t\t\t\t<\/div>\n            <\/div>\n\n    \t\t<\/div>\n\t\t\t\t<\/div>\n\t\t\t\t<div class=\"elementor-element elementor-element-b13a173 elementor-align-right elementor-mobile-align-center elementor-widget-tablet__width-auto elementor-widget elementor-widget-button_uphome\" data-id=\"b13a173\" data-element_type=\"widget\" data-widget_type=\"button_uphome.default\">\n\t\t\t\t<div class=\"elementor-widget-container\">\n\t\t\t<a class=\"button_medium border_b button_settings elementor-animation-\" href=\"https:\/\/veezit.com.br\/index.php\/persiana-de-enrolar-motorizada\/\" rel=\"nofollow\"><div>Saiba mais<\/div><\/a>\t\t<\/div>\n\t\t\t\t<\/div>\n\t\t\t\t\t<\/div>\n\t\t<\/div>\n\t\t\t\t\t\t\t<\/div>\n\t\t<\/section>\n\t\t\t\t<section class=\"elementor-section elementor-top-section elementor-element elementor-element-d58b26a elementor-section-boxed elementor-section-height-default elementor-section-height-default astroon-bg-container\" data-id=\"d58b26a\" data-element_type=\"section\">\n\t\t\t\t\t\t<div class=\"elementor-container elementor-column-gap-default\">\n\t\t\t\t\t<div class=\"elementor-column elementor-col-33 elementor-top-column elementor-element elementor-element-a3e7ea6\" data-id=\"a3e7ea6\" data-element_type=\"column\">\n\t\t\t<div class=\"elementor-widget-wrap elementor-element-populated\">\n\t\t\t\t\t\t\t\t<div class=\"elementor-element elementor-element-d7381f4 elementor-widget elementor-widget-info_block_uphome\" data-id=\"d7381f4\" data-element_type=\"widget\" data-widget_type=\"info_block_uphome.default\">\n\t\t\t\t<div class=\"elementor-widget-container\">\n\t\t\t            <div class=\"info_block left_flex style_two center_mobile_responsive\" >\n\t\t\t\t<div class=\"num_b\">\n\n\t\t\t\t<!-- Image Type -->\n\t\t\t\t\n\t\t\t\t<\/div>\n\t\t\t\t<div class=\"content_text_block\">\n\t\t\t\t\t\t\t\t\t\t\t<h4>Janela Oscilobatente<\/h4>\t\t\t\t\t\t\t\t\t\t<!-- Description Block -->\n\t\t\t\t\t\t\t\t\t\t\t<p>As janelas oscilobatente foram desenvolvidas inicialmente para serem utilizadas em regi\u00f5es com grandes varia\u00e7\u00f5es de clima.\u00a0<\/p>\t\t\t\t\t\t\t\t\t<\/div>\n            <\/div>\n\n    \t\t<\/div>\n\t\t\t\t<\/div>\n\t\t\t\t<div class=\"elementor-element elementor-element-dd5961c elementor-align-right elementor-mobile-align-center elementor-widget-tablet__width-auto elementor-widget elementor-widget-button_uphome\" data-id=\"dd5961c\" data-element_type=\"widget\" data-widget_type=\"button_uphome.default\">\n\t\t\t\t<div class=\"elementor-widget-container\">\n\t\t\t<a class=\"button_medium border_b button_settings elementor-animation-\" href=\"https:\/\/veezit.com.br\/index.php\/janela-oscilobatente\/\" rel=\"nofollow\"><div>Saiba mais<\/div><\/a>\t\t<\/div>\n\t\t\t\t<\/div>\n\t\t\t\t\t<\/div>\n\t\t<\/div>\n\t\t\t\t<div class=\"elementor-column elementor-col-33 elementor-top-column elementor-element elementor-element-b826dd9\" data-id=\"b826dd9\" data-element_type=\"column\">\n\t\t\t<div class=\"elementor-widget-wrap elementor-element-populated\">\n\t\t\t\t\t\t\t\t<div class=\"elementor-element elementor-element-7030ca3 elementor-widget elementor-widget-info_block_uphome\" data-id=\"7030ca3\" data-element_type=\"widget\" data-widget_type=\"info_block_uphome.default\">\n\t\t\t\t<div class=\"elementor-widget-container\">\n\t\t\t            <div class=\"info_block left_flex style_two center_mobile_responsive\" >\n\t\t\t\t<div class=\"num_b\">\n\n\t\t\t\t<!-- Image Type -->\n\t\t\t\t\n\t\t\t\t<\/div>\n\t\t\t\t<div class=\"content_text_block\">\n\t\t\t\t\t\t\t\t\t\t\t<h4>Janela Maximar<\/h4>\t\t\t\t\t\t\t\t\t\t<!-- Description Block -->\n\t\t\t\t\t\t\t\t\t\t\t<p>Janelas maximar s\u00e3o esquadrias projetantes \u2013 a folha se projeta para fora da constru\u00e7\u00e3o, garantindo assim ventila\u00e7\u00e3o total ou limitada.\u00a0<\/p>\t\t\t\t\t\t\t\t\t<\/div>\n            <\/div>\n\n    \t\t<\/div>\n\t\t\t\t<\/div>\n\t\t\t\t<div class=\"elementor-element elementor-element-aa58078 elementor-align-right elementor-mobile-align-center elementor-widget-tablet__width-auto elementor-widget elementor-widget-button_uphome\" data-id=\"aa58078\" data-element_type=\"widget\" data-widget_type=\"button_uphome.default\">\n\t\t\t\t<div class=\"elementor-widget-container\">\n\t\t\t<a class=\"button_medium border_b button_settings elementor-animation-\" href=\"https:\/\/veezit.com.br\/index.php\/janela-maximar\/\" rel=\"nofollow\"><div>Saiba mais<\/div><\/a>\t\t<\/div>\n\t\t\t\t<\/div>\n\t\t\t\t\t<\/div>\n\t\t<\/div>\n\t\t\t\t<div class=\"elementor-column elementor-col-33 elementor-top-column elementor-element elementor-element-70e9ab7\" data-id=\"70e9ab7\" data-element_type=\"column\">\n\t\t\t<div class=\"elementor-widget-wrap\">\n\t\t\t\t\t\t\t\t\t<\/div>\n\t\t<\/div>\n\t\t\t\t\t\t\t<\/div>\n\t\t<\/section>\n\t\t\t\t\t\t\t<\/div>\n\t\t","protected":false},"excerpt":{"rendered":"<p>Vidros A Veezit trabalha com vidros da mais alta qualidade. Sempre atendendo e superando as normas t\u00e9cnicas e de seguran\u00e7a. Saiba mais Portas Pivotantes As portas Pivotantes adicionam est\u00e9tica e eleg\u00e2ncia a qualquer projeto. Ideais para serem utilizadas na entrada de resid\u00eancias, parte da porta&#8230;<\/p>\n","protected":false},"author":1,"featured_media":0,"parent":0,"menu_order":0,"comment_status":"closed","ping_status":"closed","template":"","meta":{"_mi_skip_tracking":false,"_vp_format_video_url":"","_vp_image_focal_point":[]},"aioseo_notices":[],"acf":[],"_links":{"self":[{"href":"https:\/\/veezit.com.br\/index.php\/wp-json\/wp\/v2\/pages\/3114"}],"collection":[{"href":"https:\/\/veezit.com.br\/index.php\/wp-json\/wp\/v2\/pages"}],"about":[{"href":"https:\/\/veezit.com.br\/index.php\/wp-json\/wp\/v2\/types\/page"}],"author":[{"embeddable":true,"href":"https:\/\/veezit.com.br\/index.php\/wp-json\/wp\/v2\/users\/1"}],"replies":[{"embeddable":true,"href":"https:\/\/veezit.com.br\/index.php\/wp-json\/wp\/v2\/comments?post=3114"}],"version-history":[{"count":24,"href":"https:\/\/veezit.com.br\/index.php\/wp-json\/wp\/v2\/pages\/3114\/revisions"}],"predecessor-version":[{"id":4689,"href":"https:\/\/veezit.com.br\/index.php\/wp-json\/wp\/v2\/pages\/3114\/revisions\/4689"}],"wp:attachment":[{"href":"https:\/\/veezit.com.br\/index.php\/wp-json\/wp\/v2\/media?parent=3114"}],"curies":[{"name":"wp","href":"https:\/\/api.w.org\/{rel}","templated":true}]}}